{"id":102,"date":"2024-07-01T16:08:24","date_gmt":"2024-07-01T16:08:24","guid":{"rendered":"http:\/\/elart.dk\/?page_id=102"},"modified":"2024-08-22T19:48:32","modified_gmt":"2024-08-22T19:48:32","slug":"boudoir","status":"publish","type":"page","link":"https:\/\/elart.dk\/index.php\/boudoir\/","title":{"rendered":"Boudoir-fotografering"},"content":{"rendered":"\t\t<div data-elementor-type=\"wp-page\" data-elementor-id=\"102\" class=\"elementor elementor-102\">\n\t\t\t\t<div class=\"elementor-element elementor-element-8886924 e-flex e-con-boxed e-con e-parent\" data-id=\"8886924\" data-element_type=\"container\" data-e-type=\"container\">\n\t\t\t\t\t<div class=\"e-con-inner\">\n\t\t\t\t<div class=\"elementor-element elementor-element-43c2178 elementor-widget elementor-widget-heading\" data-id=\"43c2178\" data-element_type=\"widget\" data-e-type=\"widget\" data-widget_type=\"heading.default\">\n\t\t\t\t<div class=\"elementor-widget-container\">\n\t\t\t\t\t<h4 class=\"elementor-heading-title elementor-size-default\">Boudoir-fotografering er en stil inden for portr\u00e6tfotografering, der normalt udf\u00f8res i private og intime omgivelser, s\u00e5som et sovev\u00e6relse eller lignende private omgivelser. Stilen er pr\u00e6get af sin sensuelle og subtile sk\u00f8nhed, hvor modellerne, for det meste kvinder, er fotograferet i lingeri eller andet afsl\u00f8rende t\u00f8j. Form\u00e5let med boudoirfotografering er at fremh\u00e6ve modellens sk\u00f8nhed og selvtillid, ofte som en gave til dig selv eller din partner.\n\nBoudoir fotografering kr\u00e6ver en s\u00e6rlig tilgang, hvor fotografen skaber en tryg og rolig atmosf\u00e6re, s\u00e5 modellen f\u00f8ler sig godt tilpas og selvsikker. Afh\u00e6ngigt af modellens pr\u00e6ferencer og komfortniveau kan billeder variere fra meget sarte og romantiske til dristigere.<br><br><\/h4>\t\t\t\t<\/div>\n\t\t\t\t<\/div>\n\t\t\t\t\t<\/div>\n\t\t\t\t<\/div>\n\t\t<div class=\"elementor-element elementor-element-4d14aa0 e-flex e-con-boxed e-con e-parent\" data-id=\"4d14aa0\" data-element_type=\"container\" data-e-type=\"container\">\n\t\t\t\t\t<div class=\"e-con-inner\">\n\t\t\t\t<div class=\"elementor-element elementor-element-eed70c6 elementor-widget-divider--view-line_text elementor-absolute elementor-widget-divider--element-align-center elementor-widget elementor-widget-divider\" data-id=\"eed70c6\" data-element_type=\"widget\" data-e-type=\"widget\" data-settings=\"{&quot;_position&quot;:&quot;absolute&quot;}\" data-widget_type=\"divider.default\">\n\t\t\t\t<div class=\"elementor-widget-container\">\n\t\t\t\t\t\t\t<div class=\"elementor-divider\">\n\t\t\t<span class=\"elementor-divider-separator\">\n\t\t\t\t\t\t\t<span class=\"elementor-divider__text elementor-divider__element\">\n\t\t\t\tPROFESSIONEL BOUDOIR FOTOGRAFING\t\t\t\t<\/span>\n\t\t\t\t\t\t<\/span>\n\t\t<\/div>\n\t\t\t\t\t\t<\/div>\n\t\t\t\t<\/div>\n\t\t\t\t\t<\/div>\n\t\t\t\t<\/div>\n\t\t<div class=\"elementor-element elementor-element-2a03fb9 e-grid e-con-boxed e-con e-parent\" data-id=\"2a03fb9\" data-element_type=\"container\" data-e-type=\"container\">\n\t\t\t\t\t<div class=\"e-con-inner\">\n\t\t\t\t<div class=\"elementor-element elementor-element-6519aa5 elementor-widget elementor-widget-image\" data-id=\"6519aa5\" data-element_type=\"widget\" data-e-type=\"widget\" data-widget_type=\"image.default\">\n\t\t\t\t<div class=\"elementor-widget-container\">\n\t\t\t\t\t\t\t\t\t\t\t\t\t\t\t<img fetchpriority=\"high\" decoding=\"async\" width=\"525\" height=\"656\" src=\"https:\/\/elart.dk\/wp-content\/uploads\/2024\/07\/ELA_4473-819x1024.jpg\" class=\"attachment-large size-large wp-image-808\" alt=\"\" srcset=\"https:\/\/elart.dk\/wp-content\/uploads\/2024\/07\/ELA_4473-819x1024.jpg 819w, https:\/\/elart.dk\/wp-content\/uploads\/2024\/07\/ELA_4473-240x300.jpg 240w, https:\/\/elart.dk\/wp-content\/uploads\/2024\/07\/ELA_4473-768x960.jpg 768w, https:\/\/elart.dk\/wp-content\/uploads\/2024\/07\/ELA_4473-1229x1536.jpg 1229w, https:\/\/elart.dk\/wp-content\/uploads\/2024\/07\/ELA_4473-1638x2048.jpg 1638w, https:\/\/elart.dk\/wp-content\/uploads\/2024\/07\/ELA_4473.jpg 2000w\" sizes=\"100vw\" \/>\t\t\t\t\t\t\t\t\t\t\t\t\t\t\t<\/div>\n\t\t\t\t<\/div>\n\t\t\t\t<div class=\"elementor-element elementor-element-430a2be elementor-widget elementor-widget-image\" data-id=\"430a2be\" data-element_type=\"widget\" data-e-type=\"widget\" data-widget_type=\"image.default\">\n\t\t\t\t<div class=\"elementor-widget-container\">\n\t\t\t\t\t\t\t\t\t\t\t\t\t\t\t<img decoding=\"async\" src=\"https:\/\/elart.dk\/wp-content\/uploads\/2024\/07\/ELA_4471-scaled.jpg\" title=\"\" alt=\"\" loading=\"lazy\" \/>\t\t\t\t\t\t\t\t\t\t\t\t\t\t\t<\/div>\n\t\t\t\t<\/div>\n\t\t\t\t<div class=\"elementor-element elementor-element-60d3805 e-transform elementor-widget elementor-widget-image\" data-id=\"60d3805\" data-element_type=\"widget\" data-e-type=\"widget\" data-settings=\"{&quot;_transform_flipX_effect&quot;:&quot;transform&quot;}\" data-widget_type=\"image.default\">\n\t\t\t\t<div class=\"elementor-widget-container\">\n\t\t\t\t\t\t\t\t\t\t\t\t\t\t\t<img decoding=\"async\" width=\"525\" height=\"656\" src=\"https:\/\/elart.dk\/wp-content\/uploads\/2024\/07\/ELA_4469-819x1024.jpg\" class=\"attachment-large size-large wp-image-806\" alt=\"\" srcset=\"https:\/\/elart.dk\/wp-content\/uploads\/2024\/07\/ELA_4469-819x1024.jpg 819w, https:\/\/elart.dk\/wp-content\/uploads\/2024\/07\/ELA_4469-240x300.jpg 240w, https:\/\/elart.dk\/wp-content\/uploads\/2024\/07\/ELA_4469-768x960.jpg 768w, https:\/\/elart.dk\/wp-content\/uploads\/2024\/07\/ELA_4469-1229x1536.jpg 1229w, https:\/\/elart.dk\/wp-content\/uploads\/2024\/07\/ELA_4469-1638x2048.jpg 1638w, https:\/\/elart.dk\/wp-content\/uploads\/2024\/07\/ELA_4469.jpg 2000w\" sizes=\"100vw\" \/>\t\t\t\t\t\t\t\t\t\t\t\t\t\t\t<\/div>\n\t\t\t\t<\/div>\n\t\t\t\t\t<\/div>\n\t\t\t\t<\/div>\n\t\t<div class=\"elementor-element elementor-element-2184cda e-flex e-con-boxed e-con e-parent\" data-id=\"2184cda\" data-element_type=\"container\" data-e-type=\"container\">\n\t\t\t\t\t<div class=\"e-con-inner\">\n\t\t\t\t<div class=\"elementor-element elementor-element-6ed8cae elementor-widget elementor-widget-heading\" data-id=\"6ed8cae\" data-element_type=\"widget\" data-e-type=\"widget\" data-widget_type=\"heading.default\">\n\t\t\t\t<div class=\"elementor-widget-container\">\n\t\t\t\t\t<h4 class=\"elementor-heading-title elementor-size-default\">Book din tid til fotografering<\/h4>\t\t\t\t<\/div>\n\t\t\t\t<\/div>\n\t\t\t\t\t<\/div>\n\t\t\t\t<\/div>\n\t\t<div class=\"elementor-element elementor-element-29375db e-flex e-con-boxed e-con e-parent\" data-id=\"29375db\" data-element_type=\"container\" data-e-type=\"container\">\n\t\t\t\t\t<div class=\"e-con-inner\">\n\t\t\t\t<div class=\"elementor-element elementor-element-1216e5f elementor-align-center elementor-widget elementor-widget-button\" data-id=\"1216e5f\" data-element_type=\"widget\" data-e-type=\"widget\" data-widget_type=\"button.default\">\n\t\t\t\t<div class=\"elementor-widget-container\">\n\t\t\t\t\t\t\t\t\t<div class=\"elementor-button-wrapper\">\n\t\t\t\t\t<a class=\"elementor-button elementor-button-link elementor-size-sm\" href=\"https:\/\/elart.dk\/index.php\/kontakt-2\/\">\n\t\t\t\t\t\t<span class=\"elementor-button-content-wrapper\">\n\t\t\t\t\t\t\t\t\t<span class=\"elementor-button-text\">Book Nu<\/span>\n\t\t\t\t\t<\/span>\n\t\t\t\t\t<\/a>\n\t\t\t\t<\/div>\n\t\t\t\t\t\t\t\t<\/div>\n\t\t\t\t<\/div>\n\t\t\t\t\t<\/div>\n\t\t\t\t<\/div>\n\t\t\t\t<\/div>\n\t\t","protected":false},"excerpt":{"rendered":"<p>Boudoir-fotografering er en stil inden for portr\u00e6tfotografering, der normalt udf\u00f8res i private og intime omgivelser, s\u00e5som et sovev\u00e6relse eller lignende private omgivelser. Stilen er pr\u00e6get af sin sensuelle og subtile sk\u00f8nhed, hvor modellerne, for det meste kvinder, er fotograferet i lingeri eller andet afsl\u00f8rende t\u00f8j. Form\u00e5let med boudoirfotografering er at fremh\u00e6ve modellens sk\u00f8nhed og selvtillid, &hellip; <\/p>\n<p class=\"link-more\"><a href=\"https:\/\/elart.dk\/index.php\/boudoir\/\" class=\"more-link\">L\u00e6s videre<span class=\"screen-reader-text\"> &#8220;Boudoir-fotografering&#8221;<\/span><\/a><\/p>\n","protected":false},"author":1,"featured_media":0,"parent":0,"menu_order":0,"comment_status":"closed","ping_status":"closed","template":"","meta":{"footnotes":""},"class_list":["post-102","page","type-page","status-publish","hentry"],"yoast_head":"<!-- This site is optimized with the Yoast SEO plugin v27.3 - https:\/\/yoast.com\/product\/yoast-seo-wordpress\/ -->\n<title>Boudoir-fotografering - Elart.dk<\/title>\n<meta name=\"robots\" content=\"index, follow, max-snippet:-1, max-image-preview:large, max-video-preview:-1\" \/>\n<link rel=\"canonical\" href=\"https:\/\/elart.dk\/index.php\/boudoir\/\" \/>\n<meta property=\"og:locale\" content=\"da_DK\" \/>\n<meta property=\"og:type\" content=\"article\" \/>\n<meta property=\"og:title\" content=\"Boudoir-fotografering - Elart.dk\" \/>\n<meta property=\"og:description\" content=\"Boudoir-fotografering er en stil inden for portr\u00e6tfotografering, der normalt udf\u00f8res i private og intime omgivelser, s\u00e5som et sovev\u00e6relse eller lignende private omgivelser. Stilen er pr\u00e6get af sin sensuelle og subtile sk\u00f8nhed, hvor modellerne, for det meste kvinder, er fotograferet i lingeri eller andet afsl\u00f8rende t\u00f8j. Form\u00e5let med boudoirfotografering er at fremh\u00e6ve modellens sk\u00f8nhed og selvtillid, &hellip; L\u00e6s videre &quot;Boudoir-fotografering&quot;\" \/>\n<meta property=\"og:url\" content=\"https:\/\/elart.dk\/index.php\/boudoir\/\" \/>\n<meta property=\"og:site_name\" content=\"Elart.dk\" \/>\n<meta property=\"article:modified_time\" content=\"2024-08-22T19:48:32+00:00\" \/>\n<meta property=\"og:image\" content=\"https:\/\/elart.dk\/wp-content\/uploads\/2024\/07\/ELA_4473-819x1024.jpg\" \/>\n<meta name=\"twitter:card\" content=\"summary_large_image\" \/>\n<meta name=\"twitter:label1\" content=\"Estimeret l\u00e6setid\" \/>\n\t<meta name=\"twitter:data1\" content=\"2 minutter\" \/>\n<script type=\"application\/ld+json\" class=\"yoast-schema-graph\">{\"@context\":\"https:\\\/\\\/schema.org\",\"@graph\":[{\"@type\":\"WebPage\",\"@id\":\"https:\\\/\\\/elart.dk\\\/index.php\\\/boudoir\\\/\",\"url\":\"https:\\\/\\\/elart.dk\\\/index.php\\\/boudoir\\\/\",\"name\":\"Boudoir-fotografering - Elart.dk\",\"isPartOf\":{\"@id\":\"https:\\\/\\\/elart.dk\\\/#website\"},\"primaryImageOfPage\":{\"@id\":\"https:\\\/\\\/elart.dk\\\/index.php\\\/boudoir\\\/#primaryimage\"},\"image\":{\"@id\":\"https:\\\/\\\/elart.dk\\\/index.php\\\/boudoir\\\/#primaryimage\"},\"thumbnailUrl\":\"https:\\\/\\\/elart.dk\\\/wp-content\\\/uploads\\\/2024\\\/07\\\/ELA_4473-819x1024.jpg\",\"datePublished\":\"2024-07-01T16:08:24+00:00\",\"dateModified\":\"2024-08-22T19:48:32+00:00\",\"breadcrumb\":{\"@id\":\"https:\\\/\\\/elart.dk\\\/index.php\\\/boudoir\\\/#breadcrumb\"},\"inLanguage\":\"da-DK\",\"potentialAction\":[{\"@type\":\"ReadAction\",\"target\":[\"https:\\\/\\\/elart.dk\\\/index.php\\\/boudoir\\\/\"]}]},{\"@type\":\"ImageObject\",\"inLanguage\":\"da-DK\",\"@id\":\"https:\\\/\\\/elart.dk\\\/index.php\\\/boudoir\\\/#primaryimage\",\"url\":\"https:\\\/\\\/elart.dk\\\/wp-content\\\/uploads\\\/2024\\\/07\\\/ELA_4473.jpg\",\"contentUrl\":\"https:\\\/\\\/elart.dk\\\/wp-content\\\/uploads\\\/2024\\\/07\\\/ELA_4473.jpg\",\"width\":2000,\"height\":2500},{\"@type\":\"BreadcrumbList\",\"@id\":\"https:\\\/\\\/elart.dk\\\/index.php\\\/boudoir\\\/#breadcrumb\",\"itemListElement\":[{\"@type\":\"ListItem\",\"position\":1,\"name\":\"Hjem\",\"item\":\"https:\\\/\\\/elart.dk\\\/\"},{\"@type\":\"ListItem\",\"position\":2,\"name\":\"Boudoir-fotografering\"}]},{\"@type\":\"WebSite\",\"@id\":\"https:\\\/\\\/elart.dk\\\/#website\",\"url\":\"https:\\\/\\\/elart.dk\\\/\",\"name\":\"elart.dk\",\"description\":\"Elart.dk\",\"publisher\":{\"@id\":\"https:\\\/\\\/elart.dk\\\/#\\\/schema\\\/person\\\/7de5819f252f59336b554dbf63958e3c\"},\"potentialAction\":[{\"@type\":\"SearchAction\",\"target\":{\"@type\":\"EntryPoint\",\"urlTemplate\":\"https:\\\/\\\/elart.dk\\\/?s={search_term_string}\"},\"query-input\":{\"@type\":\"PropertyValueSpecification\",\"valueRequired\":true,\"valueName\":\"search_term_string\"}}],\"inLanguage\":\"da-DK\"},{\"@type\":[\"Person\",\"Organization\"],\"@id\":\"https:\\\/\\\/elart.dk\\\/#\\\/schema\\\/person\\\/7de5819f252f59336b554dbf63958e3c\",\"name\":\"admin\",\"image\":{\"@type\":\"ImageObject\",\"inLanguage\":\"da-DK\",\"@id\":\"https:\\\/\\\/elart.dk\\\/wp-content\\\/uploads\\\/2024\\\/07\\\/cropped-ELAS-LOGO-1.png\",\"url\":\"https:\\\/\\\/elart.dk\\\/wp-content\\\/uploads\\\/2024\\\/07\\\/cropped-ELAS-LOGO-1.png\",\"contentUrl\":\"https:\\\/\\\/elart.dk\\\/wp-content\\\/uploads\\\/2024\\\/07\\\/cropped-ELAS-LOGO-1.png\",\"width\":896,\"height\":250,\"caption\":\"admin\"},\"logo\":{\"@id\":\"https:\\\/\\\/elart.dk\\\/wp-content\\\/uploads\\\/2024\\\/07\\\/cropped-ELAS-LOGO-1.png\"},\"sameAs\":[\"http:\\\/\\\/elart.dk\"]}]}<\/script>\n<!-- \/ Yoast SEO plugin. -->","yoast_head_json":{"title":"Boudoir-fotografering - Elart.dk","robots":{"index":"index","follow":"follow","max-snippet":"max-snippet:-1","max-image-preview":"max-image-preview:large","max-video-preview":"max-video-preview:-1"},"canonical":"https:\/\/elart.dk\/index.php\/boudoir\/","og_locale":"da_DK","og_type":"article","og_title":"Boudoir-fotografering - Elart.dk","og_description":"Boudoir-fotografering er en stil inden for portr\u00e6tfotografering, der normalt udf\u00f8res i private og intime omgivelser, s\u00e5som et sovev\u00e6relse eller lignende private omgivelser. Stilen er pr\u00e6get af sin sensuelle og subtile sk\u00f8nhed, hvor modellerne, for det meste kvinder, er fotograferet i lingeri eller andet afsl\u00f8rende t\u00f8j. Form\u00e5let med boudoirfotografering er at fremh\u00e6ve modellens sk\u00f8nhed og selvtillid, &hellip; L\u00e6s videre \"Boudoir-fotografering\"","og_url":"https:\/\/elart.dk\/index.php\/boudoir\/","og_site_name":"Elart.dk","article_modified_time":"2024-08-22T19:48:32+00:00","og_image":[{"url":"https:\/\/elart.dk\/wp-content\/uploads\/2024\/07\/ELA_4473-819x1024.jpg","type":"","width":"","height":""}],"twitter_card":"summary_large_image","twitter_misc":{"Estimeret l\u00e6setid":"2 minutter"},"schema":{"@context":"https:\/\/schema.org","@graph":[{"@type":"WebPage","@id":"https:\/\/elart.dk\/index.php\/boudoir\/","url":"https:\/\/elart.dk\/index.php\/boudoir\/","name":"Boudoir-fotografering - Elart.dk","isPartOf":{"@id":"https:\/\/elart.dk\/#website"},"primaryImageOfPage":{"@id":"https:\/\/elart.dk\/index.php\/boudoir\/#primaryimage"},"image":{"@id":"https:\/\/elart.dk\/index.php\/boudoir\/#primaryimage"},"thumbnailUrl":"https:\/\/elart.dk\/wp-content\/uploads\/2024\/07\/ELA_4473-819x1024.jpg","datePublished":"2024-07-01T16:08:24+00:00","dateModified":"2024-08-22T19:48:32+00:00","breadcrumb":{"@id":"https:\/\/elart.dk\/index.php\/boudoir\/#breadcrumb"},"inLanguage":"da-DK","potentialAction":[{"@type":"ReadAction","target":["https:\/\/elart.dk\/index.php\/boudoir\/"]}]},{"@type":"ImageObject","inLanguage":"da-DK","@id":"https:\/\/elart.dk\/index.php\/boudoir\/#primaryimage","url":"https:\/\/elart.dk\/wp-content\/uploads\/2024\/07\/ELA_4473.jpg","contentUrl":"https:\/\/elart.dk\/wp-content\/uploads\/2024\/07\/ELA_4473.jpg","width":2000,"height":2500},{"@type":"BreadcrumbList","@id":"https:\/\/elart.dk\/index.php\/boudoir\/#breadcrumb","itemListElement":[{"@type":"ListItem","position":1,"name":"Hjem","item":"https:\/\/elart.dk\/"},{"@type":"ListItem","position":2,"name":"Boudoir-fotografering"}]},{"@type":"WebSite","@id":"https:\/\/elart.dk\/#website","url":"https:\/\/elart.dk\/","name":"elart.dk","description":"Elart.dk","publisher":{"@id":"https:\/\/elart.dk\/#\/schema\/person\/7de5819f252f59336b554dbf63958e3c"},"potentialAction":[{"@type":"SearchAction","target":{"@type":"EntryPoint","urlTemplate":"https:\/\/elart.dk\/?s={search_term_string}"},"query-input":{"@type":"PropertyValueSpecification","valueRequired":true,"valueName":"search_term_string"}}],"inLanguage":"da-DK"},{"@type":["Person","Organization"],"@id":"https:\/\/elart.dk\/#\/schema\/person\/7de5819f252f59336b554dbf63958e3c","name":"admin","image":{"@type":"ImageObject","inLanguage":"da-DK","@id":"https:\/\/elart.dk\/wp-content\/uploads\/2024\/07\/cropped-ELAS-LOGO-1.png","url":"https:\/\/elart.dk\/wp-content\/uploads\/2024\/07\/cropped-ELAS-LOGO-1.png","contentUrl":"https:\/\/elart.dk\/wp-content\/uploads\/2024\/07\/cropped-ELAS-LOGO-1.png","width":896,"height":250,"caption":"admin"},"logo":{"@id":"https:\/\/elart.dk\/wp-content\/uploads\/2024\/07\/cropped-ELAS-LOGO-1.png"},"sameAs":["http:\/\/elart.dk"]}]}},"_links":{"self":[{"href":"https:\/\/elart.dk\/index.php\/wp-json\/wp\/v2\/pages\/102","targetHints":{"allow":["GET"]}}],"collection":[{"href":"https:\/\/elart.dk\/index.php\/wp-json\/wp\/v2\/pages"}],"about":[{"href":"https:\/\/elart.dk\/index.php\/wp-json\/wp\/v2\/types\/page"}],"author":[{"embeddable":true,"href":"https:\/\/elart.dk\/index.php\/wp-json\/wp\/v2\/users\/1"}],"replies":[{"embeddable":true,"href":"https:\/\/elart.dk\/index.php\/wp-json\/wp\/v2\/comments?post=102"}],"version-history":[{"count":35,"href":"https:\/\/elart.dk\/index.php\/wp-json\/wp\/v2\/pages\/102\/revisions"}],"predecessor-version":[{"id":2082,"href":"https:\/\/elart.dk\/index.php\/wp-json\/wp\/v2\/pages\/102\/revisions\/2082"}],"wp:attachment":[{"href":"https:\/\/elart.dk\/index.php\/wp-json\/wp\/v2\/media?parent=102"}],"curies":[{"name":"wp","href":"https:\/\/api.w.org\/{rel}","templated":true}]}}