{"id":200,"date":"2024-07-01T20:33:08","date_gmt":"2024-07-01T20:33:08","guid":{"rendered":"http:\/\/elart.dk\/?page_id=200"},"modified":"2024-08-22T18:19:09","modified_gmt":"2024-08-22T18:19:09","slug":"familiefotograf","status":"publish","type":"page","link":"https:\/\/elart.dk\/index.php\/familiefotograf\/","title":{"rendered":"Familiefotografering"},"content":{"rendered":"\t\t<div data-elementor-type=\"wp-page\" data-elementor-id=\"200\" class=\"elementor elementor-200\">\n\t\t\t\t<div class=\"elementor-element elementor-element-3030fc2 e-flex e-con-boxed e-con e-parent\" data-id=\"3030fc2\" data-element_type=\"container\" data-e-type=\"container\">\n\t\t\t\t\t<div class=\"e-con-inner\">\n\t\t\t\t<div class=\"elementor-element elementor-element-b067af4 elementor-widget elementor-widget-heading\" data-id=\"b067af4\" data-element_type=\"widget\" data-e-type=\"widget\" data-widget_type=\"heading.default\">\n\t\t\t\t<div class=\"elementor-widget-container\">\n\t\t\t\t\t<h4 class=\"elementor-heading-title elementor-size-default\"><br>Mange i k\u00f8benhavn v\u00e6lger at f\u00e5 lavet en foto session af hele familien, med s\u00f8skende, for\u00e6ldre, bedstefor\u00e6ldre, klassekammerater, fodboldvenner eller nogle helt andre.Kun fantasien s\u00e6tter gr\u00e6nser.<\/h4>\t\t\t\t<\/div>\n\t\t\t\t<\/div>\n\t\t\t\t\t<\/div>\n\t\t\t\t<\/div>\n\t\t<div class=\"elementor-element elementor-element-a65a7b8 e-flex e-con-boxed e-con e-parent\" data-id=\"a65a7b8\" data-element_type=\"container\" data-e-type=\"container\">\n\t\t\t\t\t<div class=\"e-con-inner\">\n\t\t\t\t<div class=\"elementor-element elementor-element-867ca1b elementor-widget-divider--view-line elementor-widget elementor-widget-divider\" data-id=\"867ca1b\" data-element_type=\"widget\" data-e-type=\"widget\" data-widget_type=\"divider.default\">\n\t\t\t\t<div class=\"elementor-widget-container\">\n\t\t\t\t\t\t\t<div class=\"elementor-divider\">\n\t\t\t<span class=\"elementor-divider-separator\">\n\t\t\t\t\t\t<\/span>\n\t\t<\/div>\n\t\t\t\t\t\t<\/div>\n\t\t\t\t<\/div>\n\t\t\t\t\t<\/div>\n\t\t\t\t<\/div>\n\t\t<div class=\"elementor-element elementor-element-56cf6a7 e-flex e-con-boxed e-con e-parent\" data-id=\"56cf6a7\" data-element_type=\"container\" data-e-type=\"container\">\n\t\t\t\t\t<div class=\"e-con-inner\">\n\t\t\t\t<div class=\"elementor-element elementor-element-efb29b4 elementor-widget elementor-widget-modula_elementor_gallery\" data-id=\"efb29b4\" data-element_type=\"widget\" data-e-type=\"widget\" data-widget_type=\"modula_elementor_gallery.default\">\n\t\t\t\t<div class=\"elementor-widget-container\">\n\t\t\t\t\t<div  id=\"jtg-810\" class=\"modula modula-gallery modula-columns\" data-config=\"{&quot;tabletHeight&quot;:800,&quot;mobileHeight&quot;:800,&quot;desktopHeight&quot;:800,&quot;enableTwitter&quot;:false,&quot;enableWhatsapp&quot;:false,&quot;enableFacebook&quot;:false,&quot;enablePinterest&quot;:false,&quot;enableLinkedin&quot;:false,&quot;enableEmail&quot;:false,&quot;randomFactor&quot;:0.5,&quot;type&quot;:&quot;grid&quot;,&quot;columns&quot;:12,&quot;gutter&quot;:10,&quot;mobileGutter&quot;:10,&quot;tabletGutter&quot;:10,&quot;desktopGutter&quot;:10,&quot;enableResponsive&quot;:&quot;0&quot;,&quot;tabletColumns&quot;:2,&quot;mobileColumns&quot;:1,&quot;lazyLoad&quot;:0,&quot;lightboxOpts&quot;:{&quot;animated&quot;:true,&quot;Thumbs&quot;:{&quot;type&quot;:&quot;modern&quot;,&quot;showOnStart&quot;:false},&quot;Toolbar&quot;:{&quot;display&quot;:{&quot;right&quot;:[&quot;close&quot;]},&quot;enabled&quot;:true},&quot;Carousel&quot;:{&quot;Panzoom&quot;:{&quot;touch&quot;:true},&quot;infinite&quot;:false},&quot;keyboard&quot;:{&quot;Escape&quot;:&quot;close&quot;,&quot;Delete&quot;:&quot;close&quot;,&quot;Backspace&quot;:&quot;close&quot;,&quot;PageUp&quot;:false,&quot;PageDown&quot;:false,&quot;ArrowUp&quot;:false,&quot;ArrowDown&quot;:false,&quot;ArrowRight&quot;:false,&quot;ArrowLeft&quot;:false},&quot;touch&quot;:false,&quot;backdropClick&quot;:false,&quot;l10n&quot;:{&quot;CLOSE&quot;:&quot;Close&quot;,&quot;NEXT&quot;:&quot;Next&quot;,&quot;PREV&quot;:&quot;Previous&quot;,&quot;Error&quot;:&quot;The requested content cannot be loaded. Please try again later.&quot;,&quot;PLAY_START&quot;:&quot;Start slideshow&quot;,&quot;PLAY_STOP&quot;:&quot;Pause slideshow&quot;,&quot;FULL_SCREEN&quot;:&quot;Full screen&quot;,&quot;THUMBS&quot;:&quot;Thumbnails&quot;,&quot;DOWNLOAD&quot;:&quot;Download&quot;,&quot;SHARE&quot;:&quot;Share&quot;,&quot;ZOOM&quot;:&quot;Zoom&quot;,&quot;EMAIL&quot;:&quot;Here is the link to the image : %%image_link%% and this is the link to the gallery : %%gallery_link%%&quot;,&quot;MODAL&quot;:&quot;You can close this modal content with the ESC key&quot;,&quot;ERROR&quot;:&quot;Something Went Wrong, Please Try Again Later&quot;,&quot;IMAGE_ERROR&quot;:&quot;Image Not Found&quot;,&quot;ELEMENT_NOT_FOUND&quot;:&quot;HTML Element Not Found&quot;,&quot;AJAX_NOT_FOUND&quot;:&quot;Error Loading AJAX : Not Found&quot;,&quot;AJAX_FORBIDDEN&quot;:&quot;Error Loading AJAX : Forbidden&quot;,&quot;IFRAME_ERROR&quot;:&quot;Error Loading Page&quot;,&quot;TOGGLE_ZOOM&quot;:&quot;Toggle zoom level&quot;,&quot;TOGGLE_THUMBS&quot;:&quot;Toggle thumbnails&quot;,&quot;TOGGLE_SLIDESHOW&quot;:&quot;Toggle slideshow&quot;,&quot;TOGGLE_FULLSCREEN&quot;:&quot;Toggle full-screen mode&quot;},&quot;Images&quot;:{&quot;Panzoom&quot;:{&quot;maxScale&quot;:2}},&quot;mainClass&quot;:&quot;modula-fancybox-container modula-lightbox-jtg-810&quot;,&quot;Html&quot;:{&quot;videoAutoplay&quot;:0,&quot;videoTpl&quot;:&quot;&lt;video class=\\&quot;fancybox__html5video\\&quot; controls muted playsinline controlsList controlsList=\\&quot;nodownload\\&quot; poster=\\&quot;{{poster}}\\&quot; src=\\&quot;{{src}}\\&quot; type=\\&quot;{{format}}\\&quot; &gt;  Sorry, your browser doesn&#039;t support embedded videos, &lt;a href=\\&quot;{{src}}\\&quot;&gt; download &lt;\\\/a&gt; and watch with your favorite video player! &lt;\\\/video&gt;&quot;}},&quot;inView&quot;:false,&quot;email_subject&quot;:&quot;Check out this awesome image !!&quot;,&quot;email_message&quot;:&quot;Here is the link to the image : %%image_link%% and this is the link to the gallery : %%gallery_link%%&quot;,&quot;grid_type&quot;:&quot;automatic&quot;,&quot;rowHeight&quot;:250,&quot;lastRow&quot;:&quot;justify&quot;,&quot;lightbox&quot;:&quot;fancybox&quot;}\">\n\n\t\n\t<div  class=\"modula-items grid-gallery\">\n\t\t<div class=\"modula-item effect-pufrobo\" >\n\t<div class=\"modula-item-overlay\"><\/div>\n\n\t<div class=\"modula-item-content\">\n\n\t\t<a data-image-id=\"1511\" role=\"button\" data-elementor-open-lightbox=\"no\" tabindex=\"0\" rel=\"jtg-810\" data-caption=\"\" aria-label=\"Open image in lightbox\" class=\"tile-inner modula-item-link\"><\/a><img fetchpriority=\"high\" decoding=\"async\" class=\"pic wp-image-1511\"  data-valign=\"middle\" data-halign=\"center\" alt=\"\" data-full=\"https:\/\/elart.dk\/wp-content\/uploads\/2024\/08\/ELA_9186.jpg\" title=\"ELA_9186\" crop=\"\" width=\"300\" height=\"200\" src=\"https:\/\/elart.dk\/wp-content\/uploads\/2024\/08\/ELA_9186-300x200.jpg\" data-src=\"https:\/\/elart.dk\/wp-content\/uploads\/2024\/08\/ELA_9186-300x200.jpg\" data-caption=\"\" srcset=\"https:\/\/elart.dk\/wp-content\/uploads\/2024\/08\/ELA_9186.jpg 2000w, https:\/\/elart.dk\/wp-content\/uploads\/2024\/08\/ELA_9186-300x200.jpg 300w, https:\/\/elart.dk\/wp-content\/uploads\/2024\/08\/ELA_9186-1024x684.jpg 1024w, https:\/\/elart.dk\/wp-content\/uploads\/2024\/08\/ELA_9186-768x513.jpg 768w, https:\/\/elart.dk\/wp-content\/uploads\/2024\/08\/ELA_9186-1536x1025.jpg 1536w\" sizes=\"(max-width: 300px) 100vw, 300px\" \/>\n\t\t<div class=\"figc no-description\">\n\t\t\t<div class=\"figc-inner\">\n\t\t\t\t\t\t\t\t\t\t\t\t\t\t\t<\/div>\n\t\t<\/div>\n\n\t<\/div>\n\n<\/div><div class=\"modula-item effect-pufrobo\" >\n\t<div class=\"modula-item-overlay\"><\/div>\n\n\t<div class=\"modula-item-content\">\n\n\t\t<a data-image-id=\"1508\" role=\"button\" data-elementor-open-lightbox=\"no\" tabindex=\"0\" rel=\"jtg-810\" data-caption=\"\" aria-label=\"Open image in lightbox\" class=\"tile-inner modula-item-link\"><\/a><img decoding=\"async\" class=\"pic wp-image-1508\"  data-valign=\"middle\" data-halign=\"center\" alt=\"\" data-full=\"https:\/\/elart.dk\/wp-content\/uploads\/2024\/08\/ELA_9051.jpg\" title=\"ELA_9051\" crop=\"\" width=\"200\" height=\"300\" src=\"https:\/\/elart.dk\/wp-content\/uploads\/2024\/08\/ELA_9051-200x300.jpg\" data-src=\"https:\/\/elart.dk\/wp-content\/uploads\/2024\/08\/ELA_9051-200x300.jpg\" data-caption=\"\" srcset=\"https:\/\/elart.dk\/wp-content\/uploads\/2024\/08\/ELA_9051-scaled.jpg 1708w, https:\/\/elart.dk\/wp-content\/uploads\/2024\/08\/ELA_9051-scaled-200x300.jpg 200w, https:\/\/elart.dk\/wp-content\/uploads\/2024\/08\/ELA_9051-683x1024.jpg 683w, https:\/\/elart.dk\/wp-content\/uploads\/2024\/08\/ELA_9051-768x1151.jpg 768w, https:\/\/elart.dk\/wp-content\/uploads\/2024\/08\/ELA_9051-1025x1536.jpg 1025w, https:\/\/elart.dk\/wp-content\/uploads\/2024\/08\/ELA_9051-1367x2048.jpg 1367w\" sizes=\"(max-width: 200px) 100vw, 200px\" \/>\n\t\t<div class=\"figc no-description\">\n\t\t\t<div class=\"figc-inner\">\n\t\t\t\t\t\t\t\t\t\t\t\t\t\t\t<\/div>\n\t\t<\/div>\n\n\t<\/div>\n\n<\/div><div class=\"modula-item effect-pufrobo\" >\n\t<div class=\"modula-item-overlay\"><\/div>\n\n\t<div class=\"modula-item-content\">\n\n\t\t<a data-image-id=\"1509\" role=\"button\" data-elementor-open-lightbox=\"no\" tabindex=\"0\" rel=\"jtg-810\" data-caption=\"\" aria-label=\"Open image in lightbox\" class=\"tile-inner modula-item-link\"><\/a><img decoding=\"async\" class=\"pic wp-image-1509\"  data-valign=\"middle\" data-halign=\"center\" alt=\"\" data-full=\"https:\/\/elart.dk\/wp-content\/uploads\/2024\/08\/ELA_9088.jpg\" title=\"ELA_9088\" crop=\"\" width=\"200\" height=\"300\" src=\"https:\/\/elart.dk\/wp-content\/uploads\/2024\/08\/ELA_9088-200x300.jpg\" data-src=\"https:\/\/elart.dk\/wp-content\/uploads\/2024\/08\/ELA_9088-200x300.jpg\" data-caption=\"\" srcset=\"https:\/\/elart.dk\/wp-content\/uploads\/2024\/08\/ELA_9088-scaled.jpg 1708w, https:\/\/elart.dk\/wp-content\/uploads\/2024\/08\/ELA_9088-scaled-200x300.jpg 200w, https:\/\/elart.dk\/wp-content\/uploads\/2024\/08\/ELA_9088-683x1024.jpg 683w, https:\/\/elart.dk\/wp-content\/uploads\/2024\/08\/ELA_9088-768x1151.jpg 768w, https:\/\/elart.dk\/wp-content\/uploads\/2024\/08\/ELA_9088-1025x1536.jpg 1025w, https:\/\/elart.dk\/wp-content\/uploads\/2024\/08\/ELA_9088-1367x2048.jpg 1367w\" sizes=\"(max-width: 200px) 100vw, 200px\" \/>\n\t\t<div class=\"figc no-description\">\n\t\t\t<div class=\"figc-inner\">\n\t\t\t\t\t\t\t\t\t\t\t\t\t\t\t<\/div>\n\t\t<\/div>\n\n\t<\/div>\n\n<\/div><div class=\"modula-item effect-pufrobo\" >\n\t<div class=\"modula-item-overlay\"><\/div>\n\n\t<div class=\"modula-item-content\">\n\n\t\t<a data-image-id=\"1510\" role=\"button\" data-elementor-open-lightbox=\"no\" tabindex=\"0\" rel=\"jtg-810\" data-caption=\"\" aria-label=\"Open image in lightbox\" class=\"tile-inner modula-item-link\"><\/a><img loading=\"lazy\" decoding=\"async\" class=\"pic wp-image-1510\"  data-valign=\"middle\" data-halign=\"center\" alt=\"\" data-full=\"https:\/\/elart.dk\/wp-content\/uploads\/2024\/08\/ELA_9095.jpg\" title=\"ELA_9095\" crop=\"\" width=\"200\" height=\"300\" src=\"https:\/\/elart.dk\/wp-content\/uploads\/2024\/08\/ELA_9095-200x300.jpg\" data-src=\"https:\/\/elart.dk\/wp-content\/uploads\/2024\/08\/ELA_9095-200x300.jpg\" data-caption=\"\" srcset=\"https:\/\/elart.dk\/wp-content\/uploads\/2024\/08\/ELA_9095-scaled.jpg 1708w, https:\/\/elart.dk\/wp-content\/uploads\/2024\/08\/ELA_9095-scaled-200x300.jpg 200w, https:\/\/elart.dk\/wp-content\/uploads\/2024\/08\/ELA_9095-683x1024.jpg 683w, https:\/\/elart.dk\/wp-content\/uploads\/2024\/08\/ELA_9095-768x1151.jpg 768w, https:\/\/elart.dk\/wp-content\/uploads\/2024\/08\/ELA_9095-1025x1536.jpg 1025w, https:\/\/elart.dk\/wp-content\/uploads\/2024\/08\/ELA_9095-1367x2048.jpg 1367w\" sizes=\"(max-width: 200px) 100vw, 200px\" \/>\n\t\t<div class=\"figc no-description\">\n\t\t\t<div class=\"figc-inner\">\n\t\t\t\t\t\t\t\t\t\t\t\t\t\t\t<\/div>\n\t\t<\/div>\n\n\t<\/div>\n\n<\/div>\t\t\n\t<\/div>\n\n\t\n\t\n\t<script type=\"application\/ld+json\">\n\t{\n\t\t\"@context\": \"http:\/\/schema.org\",\n\t\t\"@type\"   : \"ImageGallery\",\n\t\t\"id\"      : \"https:\/\/elart.dk\/index.php\/familiefotograf\/\",\n\t\t\"url\"     : \"https:\/\/elart.dk\/index.php\/familiefotograf\/\"\n\t}\n\n\t<\/script>\n\n\t\n<\/div>\n\t\t\t\t<\/div>\n\t\t\t\t<\/div>\n\t\t\t\t\t<\/div>\n\t\t\t\t<\/div>\n\t\t\t\t<\/div>\n\t\t","protected":false},"excerpt":{"rendered":"<p>Mange i k\u00f8benhavn v\u00e6lger at f\u00e5 lavet en foto session af hele familien, med s\u00f8skende, for\u00e6ldre, bedstefor\u00e6ldre, klassekammerater, fodboldvenner eller nogle helt andre.Kun fantasien s\u00e6tter gr\u00e6nser. Edit gallery<\/p>\n","protected":false},"author":1,"featured_media":0,"parent":0,"menu_order":0,"comment_status":"closed","ping_status":"closed","template":"","meta":{"footnotes":""},"class_list":["post-200","page","type-page","status-publish","hentry"],"yoast_head":"<!-- This site is optimized with the Yoast SEO plugin v27.3 - https:\/\/yoast.com\/product\/yoast-seo-wordpress\/ -->\n<title>Familiefotografering - Elart.dk<\/title>\n<meta name=\"robots\" content=\"index, follow, max-snippet:-1, max-image-preview:large, max-video-preview:-1\" \/>\n<link rel=\"canonical\" href=\"https:\/\/elart.dk\/index.php\/familiefotograf\/\" \/>\n<meta property=\"og:locale\" content=\"da_DK\" \/>\n<meta property=\"og:type\" content=\"article\" \/>\n<meta property=\"og:title\" content=\"Familiefotografering - Elart.dk\" \/>\n<meta property=\"og:description\" content=\"Mange i k\u00f8benhavn v\u00e6lger at f\u00e5 lavet en foto session af hele familien, med s\u00f8skende, for\u00e6ldre, bedstefor\u00e6ldre, klassekammerater, fodboldvenner eller nogle helt andre.Kun fantasien s\u00e6tter gr\u00e6nser. Edit gallery\" \/>\n<meta property=\"og:url\" content=\"https:\/\/elart.dk\/index.php\/familiefotograf\/\" \/>\n<meta property=\"og:site_name\" content=\"Elart.dk\" \/>\n<meta property=\"article:modified_time\" content=\"2024-08-22T18:19:09+00:00\" \/>\n<meta property=\"og:image\" content=\"https:\/\/elart.dk\/wp-content\/uploads\/2024\/08\/ELA_9051-200x300.jpg\" \/>\n<meta name=\"twitter:card\" content=\"summary_large_image\" \/>\n<meta name=\"twitter:label1\" content=\"Estimeret l\u00e6setid\" \/>\n\t<meta name=\"twitter:data1\" content=\"2 minutter\" \/>\n<script type=\"application\/ld+json\" class=\"yoast-schema-graph\">{\"@context\":\"https:\\\/\\\/schema.org\",\"@graph\":[{\"@type\":\"WebPage\",\"@id\":\"https:\\\/\\\/elart.dk\\\/index.php\\\/familiefotograf\\\/\",\"url\":\"https:\\\/\\\/elart.dk\\\/index.php\\\/familiefotograf\\\/\",\"name\":\"Familiefotografering - Elart.dk\",\"isPartOf\":{\"@id\":\"https:\\\/\\\/elart.dk\\\/#website\"},\"primaryImageOfPage\":{\"@id\":\"https:\\\/\\\/elart.dk\\\/index.php\\\/familiefotograf\\\/#primaryimage\"},\"image\":{\"@id\":\"https:\\\/\\\/elart.dk\\\/index.php\\\/familiefotograf\\\/#primaryimage\"},\"thumbnailUrl\":\"https:\\\/\\\/elart.dk\\\/wp-content\\\/uploads\\\/2024\\\/08\\\/ELA_9051-200x300.jpg\",\"datePublished\":\"2024-07-01T20:33:08+00:00\",\"dateModified\":\"2024-08-22T18:19:09+00:00\",\"breadcrumb\":{\"@id\":\"https:\\\/\\\/elart.dk\\\/index.php\\\/familiefotograf\\\/#breadcrumb\"},\"inLanguage\":\"da-DK\",\"potentialAction\":[{\"@type\":\"ReadAction\",\"target\":[\"https:\\\/\\\/elart.dk\\\/index.php\\\/familiefotograf\\\/\"]}]},{\"@type\":\"ImageObject\",\"inLanguage\":\"da-DK\",\"@id\":\"https:\\\/\\\/elart.dk\\\/index.php\\\/familiefotograf\\\/#primaryimage\",\"url\":\"https:\\\/\\\/elart.dk\\\/wp-content\\\/uploads\\\/2024\\\/08\\\/ELA_9051-scaled.jpg\",\"contentUrl\":\"https:\\\/\\\/elart.dk\\\/wp-content\\\/uploads\\\/2024\\\/08\\\/ELA_9051-scaled.jpg\",\"width\":1708,\"height\":2560},{\"@type\":\"BreadcrumbList\",\"@id\":\"https:\\\/\\\/elart.dk\\\/index.php\\\/familiefotograf\\\/#breadcrumb\",\"itemListElement\":[{\"@type\":\"ListItem\",\"position\":1,\"name\":\"Hjem\",\"item\":\"https:\\\/\\\/elart.dk\\\/\"},{\"@type\":\"ListItem\",\"position\":2,\"name\":\"Familiefotografering\"}]},{\"@type\":\"WebSite\",\"@id\":\"https:\\\/\\\/elart.dk\\\/#website\",\"url\":\"https:\\\/\\\/elart.dk\\\/\",\"name\":\"elart.dk\",\"description\":\"Elart.dk\",\"publisher\":{\"@id\":\"https:\\\/\\\/elart.dk\\\/#\\\/schema\\\/person\\\/7de5819f252f59336b554dbf63958e3c\"},\"potentialAction\":[{\"@type\":\"SearchAction\",\"target\":{\"@type\":\"EntryPoint\",\"urlTemplate\":\"https:\\\/\\\/elart.dk\\\/?s={search_term_string}\"},\"query-input\":{\"@type\":\"PropertyValueSpecification\",\"valueRequired\":true,\"valueName\":\"search_term_string\"}}],\"inLanguage\":\"da-DK\"},{\"@type\":[\"Person\",\"Organization\"],\"@id\":\"https:\\\/\\\/elart.dk\\\/#\\\/schema\\\/person\\\/7de5819f252f59336b554dbf63958e3c\",\"name\":\"admin\",\"image\":{\"@type\":\"ImageObject\",\"inLanguage\":\"da-DK\",\"@id\":\"https:\\\/\\\/elart.dk\\\/wp-content\\\/uploads\\\/2024\\\/07\\\/cropped-ELAS-LOGO-1.png\",\"url\":\"https:\\\/\\\/elart.dk\\\/wp-content\\\/uploads\\\/2024\\\/07\\\/cropped-ELAS-LOGO-1.png\",\"contentUrl\":\"https:\\\/\\\/elart.dk\\\/wp-content\\\/uploads\\\/2024\\\/07\\\/cropped-ELAS-LOGO-1.png\",\"width\":896,\"height\":250,\"caption\":\"admin\"},\"logo\":{\"@id\":\"https:\\\/\\\/elart.dk\\\/wp-content\\\/uploads\\\/2024\\\/07\\\/cropped-ELAS-LOGO-1.png\"},\"sameAs\":[\"http:\\\/\\\/elart.dk\"]}]}<\/script>\n<!-- \/ Yoast SEO plugin. -->","yoast_head_json":{"title":"Familiefotografering - Elart.dk","robots":{"index":"index","follow":"follow","max-snippet":"max-snippet:-1","max-image-preview":"max-image-preview:large","max-video-preview":"max-video-preview:-1"},"canonical":"https:\/\/elart.dk\/index.php\/familiefotograf\/","og_locale":"da_DK","og_type":"article","og_title":"Familiefotografering - Elart.dk","og_description":"Mange i k\u00f8benhavn v\u00e6lger at f\u00e5 lavet en foto session af hele familien, med s\u00f8skende, for\u00e6ldre, bedstefor\u00e6ldre, klassekammerater, fodboldvenner eller nogle helt andre.Kun fantasien s\u00e6tter gr\u00e6nser. Edit gallery","og_url":"https:\/\/elart.dk\/index.php\/familiefotograf\/","og_site_name":"Elart.dk","article_modified_time":"2024-08-22T18:19:09+00:00","og_image":[{"url":"https:\/\/elart.dk\/wp-content\/uploads\/2024\/08\/ELA_9051-200x300.jpg","type":"","width":"","height":""}],"twitter_card":"summary_large_image","twitter_misc":{"Estimeret l\u00e6setid":"2 minutter"},"schema":{"@context":"https:\/\/schema.org","@graph":[{"@type":"WebPage","@id":"https:\/\/elart.dk\/index.php\/familiefotograf\/","url":"https:\/\/elart.dk\/index.php\/familiefotograf\/","name":"Familiefotografering - Elart.dk","isPartOf":{"@id":"https:\/\/elart.dk\/#website"},"primaryImageOfPage":{"@id":"https:\/\/elart.dk\/index.php\/familiefotograf\/#primaryimage"},"image":{"@id":"https:\/\/elart.dk\/index.php\/familiefotograf\/#primaryimage"},"thumbnailUrl":"https:\/\/elart.dk\/wp-content\/uploads\/2024\/08\/ELA_9051-200x300.jpg","datePublished":"2024-07-01T20:33:08+00:00","dateModified":"2024-08-22T18:19:09+00:00","breadcrumb":{"@id":"https:\/\/elart.dk\/index.php\/familiefotograf\/#breadcrumb"},"inLanguage":"da-DK","potentialAction":[{"@type":"ReadAction","target":["https:\/\/elart.dk\/index.php\/familiefotograf\/"]}]},{"@type":"ImageObject","inLanguage":"da-DK","@id":"https:\/\/elart.dk\/index.php\/familiefotograf\/#primaryimage","url":"https:\/\/elart.dk\/wp-content\/uploads\/2024\/08\/ELA_9051-scaled.jpg","contentUrl":"https:\/\/elart.dk\/wp-content\/uploads\/2024\/08\/ELA_9051-scaled.jpg","width":1708,"height":2560},{"@type":"BreadcrumbList","@id":"https:\/\/elart.dk\/index.php\/familiefotograf\/#breadcrumb","itemListElement":[{"@type":"ListItem","position":1,"name":"Hjem","item":"https:\/\/elart.dk\/"},{"@type":"ListItem","position":2,"name":"Familiefotografering"}]},{"@type":"WebSite","@id":"https:\/\/elart.dk\/#website","url":"https:\/\/elart.dk\/","name":"elart.dk","description":"Elart.dk","publisher":{"@id":"https:\/\/elart.dk\/#\/schema\/person\/7de5819f252f59336b554dbf63958e3c"},"potentialAction":[{"@type":"SearchAction","target":{"@type":"EntryPoint","urlTemplate":"https:\/\/elart.dk\/?s={search_term_string}"},"query-input":{"@type":"PropertyValueSpecification","valueRequired":true,"valueName":"search_term_string"}}],"inLanguage":"da-DK"},{"@type":["Person","Organization"],"@id":"https:\/\/elart.dk\/#\/schema\/person\/7de5819f252f59336b554dbf63958e3c","name":"admin","image":{"@type":"ImageObject","inLanguage":"da-DK","@id":"https:\/\/elart.dk\/wp-content\/uploads\/2024\/07\/cropped-ELAS-LOGO-1.png","url":"https:\/\/elart.dk\/wp-content\/uploads\/2024\/07\/cropped-ELAS-LOGO-1.png","contentUrl":"https:\/\/elart.dk\/wp-content\/uploads\/2024\/07\/cropped-ELAS-LOGO-1.png","width":896,"height":250,"caption":"admin"},"logo":{"@id":"https:\/\/elart.dk\/wp-content\/uploads\/2024\/07\/cropped-ELAS-LOGO-1.png"},"sameAs":["http:\/\/elart.dk"]}]}},"_links":{"self":[{"href":"https:\/\/elart.dk\/index.php\/wp-json\/wp\/v2\/pages\/200","targetHints":{"allow":["GET"]}}],"collection":[{"href":"https:\/\/elart.dk\/index.php\/wp-json\/wp\/v2\/pages"}],"about":[{"href":"https:\/\/elart.dk\/index.php\/wp-json\/wp\/v2\/types\/page"}],"author":[{"embeddable":true,"href":"https:\/\/elart.dk\/index.php\/wp-json\/wp\/v2\/users\/1"}],"replies":[{"embeddable":true,"href":"https:\/\/elart.dk\/index.php\/wp-json\/wp\/v2\/comments?post=200"}],"version-history":[{"count":71,"href":"https:\/\/elart.dk\/index.php\/wp-json\/wp\/v2\/pages\/200\/revisions"}],"predecessor-version":[{"id":2034,"href":"https:\/\/elart.dk\/index.php\/wp-json\/wp\/v2\/pages\/200\/revisions\/2034"}],"wp:attachment":[{"href":"https:\/\/elart.dk\/index.php\/wp-json\/wp\/v2\/media?parent=200"}],"curies":[{"name":"wp","href":"https:\/\/api.w.org\/{rel}","templated":true}]}}